{"id":4298,"date":"2024-06-07T12:56:32","date_gmt":"2024-06-07T16:56:32","guid":{"rendered":"https:\/\/aiamontessori.com\/?page_id=4298"},"modified":"2025-10-06T09:56:28","modified_gmt":"2025-10-06T13:56:28","slug":"acreditation","status":"publish","type":"page","link":"https:\/\/aiamontessori.com\/es\/acreditation\/","title":{"rendered":"Acreditaci\u00f3n"},"content":{"rendered":"<div data-elementor-type=\"wp-page\" data-elementor-id=\"4298\" class=\"elementor elementor-4298\" data-elementor-settings=\"{&quot;ha_cmc_init_switcher&quot;:&quot;no&quot;}\" data-elementor-post-type=\"page\">\n\t\t\t\t<div class=\"elementor-element elementor-element-55647f76 e-flex e-con-boxed rael-particle-no e-con e-parent\" data-id=\"55647f76\" data-element_type=\"container\" data-e-type=\"container\" data-settings=\"{&quot;rae_animations_entrance&quot;:&quot;none&quot;,&quot;_ha_eqh_enable&quot;:false}\">\n\t\t\t\t\t<div class=\"e-con-inner\">\n\t\t\t\t<div class=\"elementor-element elementor-element-50a1dc71 elementor-widget elementor-widget-heading\" data-id=\"50a1dc71\" data-element_type=\"widget\" data-e-type=\"widget\" data-widget_type=\"heading.default\">\n\t\t\t\t<div class=\"elementor-widget-container\">\n\t\t\t\t\t<h1 class=\"elementor-heading-title elementor-size-default\">ACCREDITATION<\/h1>\t\t\t\t<\/div>\n\t\t\t\t<\/div>\n\t\t\t\t\t<\/div>\n\t\t\t\t<\/div>\n\t\t<div class=\"elementor-element elementor-element-bfbc44b e-flex e-con-boxed rael-particle-no e-con e-parent\" data-id=\"bfbc44b\" data-element_type=\"container\" data-e-type=\"container\" data-settings=\"{&quot;rae_animations_entrance&quot;:&quot;none&quot;,&quot;_ha_eqh_enable&quot;:false}\">\n\t\t\t\t\t<div class=\"e-con-inner\">\n\t\t<div class=\"elementor-element elementor-element-4b0c5b e-con-full e-flex rael-particle-no e-con e-child\" data-id=\"4b0c5b\" data-element_type=\"container\" data-e-type=\"container\" data-settings=\"{&quot;rae_animations_entrance&quot;:&quot;none&quot;,&quot;_ha_eqh_enable&quot;:false}\">\n\t\t\t\t<div class=\"elementor-element elementor-element-35e38925 elementor-widget elementor-widget-text-editor\" data-id=\"35e38925\" data-element_type=\"widget\" data-e-type=\"widget\" data-widget_type=\"text-editor.default\">\n\t\t\t\t<div class=\"elementor-widget-container\">\n\t\t\t\t\t\t\t\t\t<p>Alpharetta International Academy est\u00e1 acreditada por la Comisi\u00f3n de Acreditaci\u00f3n de Georgia, as\u00ed como por la Sociedad Panamericana Montessori. AIA es miembro del Consejo Montessori Internacional<\/p><p>Alpharetta International Academy is a member of the International Montessori Council and the American Montessori Society.<\/p><p>Sin embargo, somos una academia internacional independiente con la libertad de contratar a los mejores maestros disponibles, optando por no estar restringidos por una entidad Montessori en particular.<\/p><p>Todos nuestros Maestros L\u00edderes tienen certificaci\u00f3n Montessori y se les exige tomar cursos de educaci\u00f3n continua.<\/p><p>Nuestra Directora, la Dra. Isabel Eliaschev, tambi\u00e9n es miembro patrocinador de la Asociaci\u00f3n de Lenguas Extranjeras de Georgia.<\/p>\t\t\t\t\t\t\t\t<\/div>\n\t\t\t\t<\/div>\n\t\t\t\t<\/div>\n\t\t<div class=\"elementor-element elementor-element-50f934cd e-con-full e-flex rael-particle-no e-con e-child\" data-id=\"50f934cd\" data-element_type=\"container\" data-e-type=\"container\" data-settings=\"{&quot;rae_animations_entrance&quot;:&quot;none&quot;,&quot;_ha_eqh_enable&quot;:false}\">\n\t\t\t\t<div class=\"elementor-element elementor-element-3ceb92a1 elementor-widget__width-initial elementor-widget elementor-widget-image\" data-id=\"3ceb92a1\" data-element_type=\"widget\" data-e-type=\"widget\" data-widget_type=\"image.default\">\n\t\t\t\t<div class=\"elementor-widget-container\">\n\t\t\t\t\t\t\t\t\t\t\t\t<figure class=\"wp-caption\">\n\t\t\t\t\t\t\t\t\t\t<img decoding=\"async\" src=\"https:\/\/aiamontessori.com\/wp-content\/uploads\/2023\/09\/GAC_Seal.jpg\" title=\"The Georgia Accrediting Commission Inc\" alt=\"The Georgia Accrediting Commission Inc\" loading=\"lazy\" \/>\t\t\t\t\t\t\t\t\t\t\t<figcaption class=\"widget-image-caption wp-caption-text\"><\/figcaption>\n\t\t\t\t\t\t\t\t\t\t<\/figure>\n\t\t\t\t\t\t\t\t\t<\/div>\n\t\t\t\t<\/div>\n\t\t\t\t<div class=\"elementor-element elementor-element-fb64c07 elementor-widget elementor-widget-image\" data-id=\"fb64c07\" data-element_type=\"widget\" data-e-type=\"widget\" data-widget_type=\"image.default\">\n\t\t\t\t<div class=\"elementor-widget-container\">\n\t\t\t\t\t\t\t\t\t\t\t\t<figure class=\"wp-caption\">\n\t\t\t\t\t\t\t\t\t\t<img decoding=\"async\" width=\"180\" height=\"180\" src=\"https:\/\/aiamontessori.com\/wp-content\/uploads\/2023\/09\/OIP.jpg\" class=\"attachment-medium size-medium wp-image-3217\" alt=\"International Montessori Counsil\" srcset=\"https:\/\/aiamontessori.com\/wp-content\/uploads\/2023\/09\/OIP.jpg 180w, https:\/\/aiamontessori.com\/wp-content\/uploads\/2023\/09\/OIP-80x80.jpg 80w\" sizes=\"(max-width: 180px) 100vw, 180px\" \/>\t\t\t\t\t\t\t\t\t\t\t<figcaption class=\"widget-image-caption wp-caption-text\"><\/figcaption>\n\t\t\t\t\t\t\t\t\t\t<\/figure>\n\t\t\t\t\t\t\t\t\t<\/div>\n\t\t\t\t<\/div>\n\t\t\t\t<div class=\"elementor-element elementor-element-9e4acc6 elementor-widget elementor-widget-image\" data-id=\"9e4acc6\" data-element_type=\"widget\" data-e-type=\"widget\" data-widget_type=\"image.default\">\n\t\t\t\t<div class=\"elementor-widget-container\">\n\t\t\t\t\t\t\t\t\t\t\t\t<figure class=\"wp-caption\">\n\t\t\t\t\t\t\t\t\t\t<img decoding=\"async\" width=\"300\" height=\"66\" src=\"https:\/\/aiamontessori.com\/wp-content\/uploads\/2023\/09\/Pan-American-Montessori-Society-300x66.png\" class=\"attachment-medium size-medium wp-image-3216\" alt=\"Pan American Montessori Society\" srcset=\"https:\/\/aiamontessori.com\/wp-content\/uploads\/2023\/09\/Pan-American-Montessori-Society-300x66.png 300w, https:\/\/aiamontessori.com\/wp-content\/uploads\/2023\/09\/Pan-American-Montessori-Society.png 598w\" sizes=\"(max-width: 300px) 100vw, 300px\" \/>\t\t\t\t\t\t\t\t\t\t\t<figcaption class=\"widget-image-caption wp-caption-text\"><\/figcaption>\n\t\t\t\t\t\t\t\t\t\t<\/figure>\n\t\t\t\t\t\t\t\t\t<\/div>\n\t\t\t\t<\/div>\n\t\t\t\t<div class=\"elementor-element elementor-element-8fce214 elementor-widget__width-initial elementor-widget elementor-widget-image\" data-id=\"8fce214\" data-element_type=\"widget\" data-e-type=\"widget\" data-widget_type=\"image.default\">\n\t\t\t\t<div class=\"elementor-widget-container\">\n\t\t\t\t\t\t\t\t\t\t\t\t<figure class=\"wp-caption\">\n\t\t\t\t\t\t\t\t\t\t<img decoding=\"async\" width=\"300\" height=\"144\" src=\"https:\/\/aiamontessori.com\/wp-content\/uploads\/2025\/10\/The-American-Montessori-Society-1-300x144.jpg\" class=\"attachment-medium size-medium wp-image-7613\" alt=\"\" srcset=\"https:\/\/aiamontessori.com\/wp-content\/uploads\/2025\/10\/The-American-Montessori-Society-1-300x144.jpg 300w, https:\/\/aiamontessori.com\/wp-content\/uploads\/2025\/10\/The-American-Montessori-Society-1-768x368.jpg 768w, https:\/\/aiamontessori.com\/wp-content\/uploads\/2025\/10\/The-American-Montessori-Society-1-18x9.jpg 18w, https:\/\/aiamontessori.com\/wp-content\/uploads\/2025\/10\/The-American-Montessori-Society-1.jpg 901w\" sizes=\"(max-width: 300px) 100vw, 300px\" \/>\t\t\t\t\t\t\t\t\t\t\t<figcaption class=\"widget-image-caption wp-caption-text\"><\/figcaption>\n\t\t\t\t\t\t\t\t\t\t<\/figure>\n\t\t\t\t\t\t\t\t\t<\/div>\n\t\t\t\t<\/div>\n\t\t\t\t<div class=\"elementor-element elementor-element-5f624ab elementor-widget elementor-widget-spacer\" data-id=\"5f624ab\" data-element_type=\"widget\" data-e-type=\"widget\" data-widget_type=\"spacer.default\">\n\t\t\t\t<div class=\"elementor-widget-container\">\n\t\t\t\t\t\t\t<div class=\"elementor-spacer\">\n\t\t\t<div class=\"elementor-spacer-inner\"><\/div>\n\t\t<\/div>\n\t\t\t\t\t\t<\/div>\n\t\t\t\t<\/div>\n\t\t\t\t<\/div>\n\t\t\t\t\t<\/div>\n\t\t\t\t<\/div>\n\t\t\t\t<\/div>","protected":false},"excerpt":{"rendered":"<p>ACCREDITATION Alpharetta International Academy is accredited by the Georgia Accrediting Commission, as well as the Pan American Montessori Society. AIA is a member of the International Montessori Council. Alpharetta International Academy is a member of the International Montessori Council and the American Montessori Society. However, we are an independent international academy with the freedom to [&hellip;]<\/p>\n","protected":false},"author":9,"featured_media":0,"parent":0,"menu_order":0,"comment_status":"closed","ping_status":"closed","template":"","meta":{"footnotes":""},"class_list":["post-4298","page","type-page","status-publish","hentry"],"aioseo_notices":[],"_links":{"self":[{"href":"https:\/\/aiamontessori.com\/es\/wp-json\/wp\/v2\/pages\/4298","targetHints":{"allow":["GET"]}}],"collection":[{"href":"https:\/\/aiamontessori.com\/es\/wp-json\/wp\/v2\/pages"}],"about":[{"href":"https:\/\/aiamontessori.com\/es\/wp-json\/wp\/v2\/types\/page"}],"author":[{"embeddable":true,"href":"https:\/\/aiamontessori.com\/es\/wp-json\/wp\/v2\/users\/9"}],"replies":[{"embeddable":true,"href":"https:\/\/aiamontessori.com\/es\/wp-json\/wp\/v2\/comments?post=4298"}],"version-history":[{"count":33,"href":"https:\/\/aiamontessori.com\/es\/wp-json\/wp\/v2\/pages\/4298\/revisions"}],"predecessor-version":[{"id":7619,"href":"https:\/\/aiamontessori.com\/es\/wp-json\/wp\/v2\/pages\/4298\/revisions\/7619"}],"wp:attachment":[{"href":"https:\/\/aiamontessori.com\/es\/wp-json\/wp\/v2\/media?parent=4298"}],"curies":[{"name":"wp","href":"https:\/\/api.w.org\/{rel}","templated":true}]}}