{"id":3297,"date":"2023-09-29T20:35:09","date_gmt":"2023-09-30T00:35:09","guid":{"rendered":"https:\/\/aiamontessori.com\/about-us\/"},"modified":"2023-10-02T16:10:20","modified_gmt":"2023-10-02T20:10:20","slug":"about-us","status":"publish","type":"page","link":"https:\/\/aiamontessori.com\/es\/about-us\/","title":{"rendered":"Nosotros"},"content":{"rendered":"<div data-elementor-type=\"wp-page\" data-elementor-id=\"3297\" class=\"elementor elementor-3297\" data-elementor-settings=\"{&quot;ha_cmc_init_switcher&quot;:&quot;no&quot;}\" data-elementor-post-type=\"page\">\n\t\t\t\t<div class=\"elementor-element elementor-element-46abd247 elementor-hidden-mobile e-flex e-con-boxed rael-particle-no e-con e-parent\" data-id=\"46abd247\" data-element_type=\"container\" data-e-type=\"container\" data-settings=\"{&quot;background_background&quot;:&quot;classic&quot;,&quot;rae_animations_entrance&quot;:&quot;none&quot;,&quot;_ha_eqh_enable&quot;:false}\">\n\t\t\t\t\t<div class=\"e-con-inner\">\n\t\t<div class=\"elementor-element elementor-element-24be2038 e-con-full e-flex rael-particle-no e-con e-child\" data-id=\"24be2038\" data-element_type=\"container\" data-e-type=\"container\" data-settings=\"{&quot;rae_animations_entrance&quot;:&quot;none&quot;,&quot;_ha_eqh_enable&quot;:false}\">\n\t\t\t\t<div class=\"elementor-element elementor-element-76500c9c elementor-invisible elementor-widget elementor-widget-text-editor\" data-id=\"76500c9c\" data-element_type=\"widget\" data-e-type=\"widget\" data-settings=\"{&quot;_animation&quot;:&quot;fadeInUp&quot;}\" data-widget_type=\"text-editor.default\">\n\t\t\t\t<div class=\"elementor-widget-container\">\n\t\t\t\t\t\t\t\t\t<p style=\"text-align: center;\" class=\"translation-block\">En Alpharetta International Academy, nos esforzamos por la excelencia y estamos comprometidos en proporcionar una educaci\u00f3n Montessori de calidad para cada ni\u00f1o. Nuestra meta es fomentar el deseo innato de aprender de cada ni\u00f1o de una manera amable y solidaria. Aceptamos la DIVERSIDAD, damos la bienvenida a nuevas IDEAS y fomentamos la CREATIVIDAD.<\/p>\t\t\t\t\t\t\t\t<\/div>\n\t\t\t\t<\/div>\n\t\t\t\t<\/div>\n\t\t\t\t\t<\/div>\n\t\t\t\t<\/div>\n\t\t<div class=\"elementor-element elementor-element-c9f293e elementor-hidden-desktop elementor-hidden-tablet e-flex e-con-boxed rael-particle-no e-con e-parent\" data-id=\"c9f293e\" data-element_type=\"container\" data-e-type=\"container\" data-settings=\"{&quot;rae_animations_entrance&quot;:&quot;none&quot;,&quot;_ha_eqh_enable&quot;:false}\">\n\t\t\t\t\t<div class=\"e-con-inner\">\n\t\t<div class=\"elementor-element elementor-element-62c3e7d e-con-full e-flex rael-particle-no e-con e-child\" data-id=\"62c3e7d\" data-element_type=\"container\" data-e-type=\"container\" data-settings=\"{&quot;rae_animations_entrance&quot;:&quot;none&quot;,&quot;_ha_eqh_enable&quot;:false}\">\n\t\t\t\t<div class=\"elementor-element elementor-element-31d79f8 elementor-widget elementor-widget-image\" data-id=\"31d79f8\" data-element_type=\"widget\" data-e-type=\"widget\" data-widget_type=\"image.default\">\n\t\t\t\t<div class=\"elementor-widget-container\">\n\t\t\t\t\t\t\t\t\t\t\t\t\t\t\t<img fetchpriority=\"high\" decoding=\"async\" width=\"800\" height=\"463\" src=\"https:\/\/aiamontessori.com\/wp-content\/uploads\/2023\/10\/AIA-About-Us-mobile-1030x596.jpg\" class=\"attachment-large size-large wp-image-3589\" alt=\"\" srcset=\"https:\/\/aiamontessori.com\/wp-content\/uploads\/2023\/10\/AIA-About-Us-mobile-1030x596.jpg 1030w, https:\/\/aiamontessori.com\/wp-content\/uploads\/2023\/10\/AIA-About-Us-mobile-300x174.jpg 300w, https:\/\/aiamontessori.com\/wp-content\/uploads\/2023\/10\/AIA-About-Us-mobile-768x445.jpg 768w, https:\/\/aiamontessori.com\/wp-content\/uploads\/2023\/10\/AIA-About-Us-mobile-1536x889.jpg 1536w, https:\/\/aiamontessori.com\/wp-content\/uploads\/2023\/10\/AIA-About-Us-mobile.jpg 1608w\" sizes=\"(max-width: 800px) 100vw, 800px\" \/>\t\t\t\t\t\t\t\t\t\t\t\t\t\t\t<\/div>\n\t\t\t\t<\/div>\n\t\t\t\t<div class=\"elementor-element elementor-element-b700743 elementor-widget elementor-widget-text-editor\" data-id=\"b700743\" data-element_type=\"widget\" data-e-type=\"widget\" data-settings=\"{&quot;_animation&quot;:&quot;none&quot;}\" data-widget_type=\"text-editor.default\">\n\t\t\t\t<div class=\"elementor-widget-container\">\n\t\t\t\t\t\t\t\t\t<h1 style=\"text-align: center;\" class=\"translation-block\">En Alpharetta International Academy, nos esforzamos por la excelencia y estamos comprometidos en proporcionar una educaci\u00f3n Montessori de calidad para cada ni\u00f1o. Nuestra meta es fomentar el deseo innato de aprender de cada ni\u00f1o de una manera amable y solidaria. Aceptamos la DIVERSIDAD, damos la bienvenida a nuevas IDEAS y fomentamos la CREATIVIDAD.<\/h1>\t\t\t\t\t\t\t\t<\/div>\n\t\t\t\t<\/div>\n\t\t\t\t<\/div>\n\t\t\t\t\t<\/div>\n\t\t\t\t<\/div>\n\t\t<div class=\"elementor-element elementor-element-7e42ecee e-flex e-con-boxed rael-particle-no e-con e-parent\" data-id=\"7e42ecee\" data-element_type=\"container\" data-e-type=\"container\" data-settings=\"{&quot;rae_animations_entrance&quot;:&quot;none&quot;,&quot;_ha_eqh_enable&quot;:false}\">\n\t\t\t\t\t<div class=\"e-con-inner\">\n\t\t\t\t<div class=\"elementor-element elementor-element-4cebb840 elementor-widget elementor-widget-heading\" data-id=\"4cebb840\" data-element_type=\"widget\" data-e-type=\"widget\" data-widget_type=\"heading.default\">\n\t\t\t\t<div class=\"elementor-widget-container\">\n\t\t\t\t\t<h1 class=\"elementor-heading-title elementor-size-default\">Nosotros<\/h1>\t\t\t\t<\/div>\n\t\t\t\t<\/div>\n\t\t\t\t\t<\/div>\n\t\t\t\t<\/div>\n\t\t<div class=\"elementor-element elementor-element-1281d8d7 e-flex e-con-boxed rael-particle-no e-con e-parent\" data-id=\"1281d8d7\" data-element_type=\"container\" data-e-type=\"container\" data-settings=\"{&quot;rae_animations_entrance&quot;:&quot;none&quot;,&quot;_ha_eqh_enable&quot;:false}\">\n\t\t\t\t\t<div class=\"e-con-inner\">\n\t\t<div class=\"elementor-element elementor-element-72709722 e-con-full e-flex rael-particle-no e-con e-child\" data-id=\"72709722\" data-element_type=\"container\" data-e-type=\"container\" data-settings=\"{&quot;rae_animations_entrance&quot;:&quot;none&quot;,&quot;_ha_eqh_enable&quot;:false}\">\n\t\t\t\t<div class=\"elementor-element elementor-element-62cd8331 elementor-widget elementor-widget-text-editor\" data-id=\"62cd8331\" data-element_type=\"widget\" data-e-type=\"widget\" data-widget_type=\"text-editor.default\">\n\t\t\t\t<div class=\"elementor-widget-container\">\n\t\t\t\t\t\t\t\t\t<p class=\"translation-block\">Durante m\u00e1s de 40 a\u00f1os, AIA ha sido bendecida con maestros, asistentes, estudiantes y administradores de muchos pa\u00edses y culturas diferentes. Esta combinaci\u00f3n de diversidad educativa y cultural ha aportado una riqueza y un valor especiales a nuestra escuela.<\/p><p class=\"translation-block\">La educaci\u00f3n Montessori se enfoca en las necesidades individuales y aptitudes de cada ni\u00f1o. Los ni\u00f1os avanzan a su propio ritmo, ya que se les anima a elegir lecciones apropiadas durante bloques de tiempo de trabajo ininterrumpido. Los estudiantes trabajan con materiales especializados desarrollados por <a href=\"https:\/\/en.wikipedia.org\/wiki\/Maria_Montessori\" target=\"_self\">Maria Montessori<\/a>, aprendiendo conceptos a trav\u00e9s de la exploraci\u00f3n pr\u00e1ctica en lugar de instrucci\u00f3n grupal. Varias herramientas de evaluaci\u00f3n y pruebas resaltan el \u00e9xito de un programa educativo Montessori completo.<\/p><p class=\"translation-block\">En la Academia Internacional de Alpharetta, las aulas de diferentes edades incluyen <strong>Pre-Primary<\/strong> (18 meses a 3 a\u00f1os), <strong>Primary<\/strong> (3 a 6 a\u00f1os\/Kindergarten) y <strong>Elementry<\/strong> (6 a 12 a\u00f1os\/1\u00b0 a 8\u00b0 grado).<\/p>\t\t\t\t\t\t\t\t<\/div>\n\t\t\t\t<\/div>\n\t\t\t\t<\/div>\n\t\t<div class=\"elementor-element elementor-element-2b38c80d e-con-full e-flex rael-particle-no e-con e-child\" data-id=\"2b38c80d\" data-element_type=\"container\" data-e-type=\"container\" data-settings=\"{&quot;rae_animations_entrance&quot;:&quot;none&quot;,&quot;_ha_eqh_enable&quot;:false}\">\n\t\t\t\t<div class=\"elementor-element elementor-element-6dc72758 elementor-icon-list--layout-traditional elementor-list-item-link-full_width elementor-widget elementor-widget-icon-list\" data-id=\"6dc72758\" data-element_type=\"widget\" data-e-type=\"widget\" data-widget_type=\"icon-list.default\">\n\t\t\t\t<div class=\"elementor-widget-container\">\n\t\t\t\t\t\t\t<ul class=\"elementor-icon-list-items\">\n\t\t\t\t\t\t\t<li class=\"elementor-icon-list-item\">\n\t\t\t\t\t\t\t\t\t\t\t<a href=\"https:\/\/aiamontessori.com\/es\/meet-our-founder\/\">\n\n\t\t\t\t\t\t\t\t\t\t\t\t<span class=\"elementor-icon-list-icon\">\n\t\t\t\t\t\t\t<i aria-hidden=\"true\" class=\"fas fa-chevron-circle-right\"><\/i>\t\t\t\t\t\t<\/span>\n\t\t\t\t\t\t\t\t\t\t<span class=\"elementor-icon-list-text\">Conoce a Nuestra Fundadora<\/span>\n\t\t\t\t\t\t\t\t\t\t\t<\/a>\n\t\t\t\t\t\t\t\t\t<\/li>\n\t\t\t\t\t\t\t\t<li class=\"elementor-icon-list-item\">\n\t\t\t\t\t\t\t\t\t\t\t<span class=\"elementor-icon-list-icon\">\n\t\t\t\t\t\t\t<i aria-hidden=\"true\" class=\"fas fa-chevron-circle-right\"><\/i>\t\t\t\t\t\t<\/span>\n\t\t\t\t\t\t\t\t\t\t<span class=\"elementor-icon-list-text\">Conoce a Nuestra Directora<\/span>\n\t\t\t\t\t\t\t\t\t<\/li>\n\t\t\t\t\t\t\t\t<li class=\"elementor-icon-list-item\">\n\t\t\t\t\t\t\t\t\t\t\t<span class=\"elementor-icon-list-icon\">\n\t\t\t\t\t\t\t<i aria-hidden=\"true\" class=\"fas fa-chevron-circle-right\"><\/i>\t\t\t\t\t\t<\/span>\n\t\t\t\t\t\t\t\t\t\t<span class=\"elementor-icon-list-text\">Acreditaci\u00f3n<\/span>\n\t\t\t\t\t\t\t\t\t<\/li>\n\t\t\t\t\t\t\t\t<li class=\"elementor-icon-list-item\">\n\t\t\t\t\t\t\t\t\t\t\t<a href=\"https:\/\/aiamontessori.com\/es\/faculty-staff\/\">\n\n\t\t\t\t\t\t\t\t\t\t\t\t<span class=\"elementor-icon-list-icon\">\n\t\t\t\t\t\t\t<i aria-hidden=\"true\" class=\"fas fa-chevron-circle-right\"><\/i>\t\t\t\t\t\t<\/span>\n\t\t\t\t\t\t\t\t\t\t<span class=\"elementor-icon-list-text\">Administraci\u00f3n y Docentes <\/span>\n\t\t\t\t\t\t\t\t\t\t\t<\/a>\n\t\t\t\t\t\t\t\t\t<\/li>\n\t\t\t\t\t\t\t\t<li class=\"elementor-icon-list-item\">\n\t\t\t\t\t\t\t\t\t\t\t<a href=\"https:\/\/aiamontessori.com\/es\/calendar\/\">\n\n\t\t\t\t\t\t\t\t\t\t\t\t<span class=\"elementor-icon-list-icon\">\n\t\t\t\t\t\t\t<i aria-hidden=\"true\" class=\"fas fa-chevron-circle-right\"><\/i>\t\t\t\t\t\t<\/span>\n\t\t\t\t\t\t\t\t\t\t<span class=\"elementor-icon-list-text\">Calendario<\/span>\n\t\t\t\t\t\t\t\t\t\t\t<\/a>\n\t\t\t\t\t\t\t\t\t<\/li>\n\t\t\t\t\t\t<\/ul>\n\t\t\t\t\t\t<\/div>\n\t\t\t\t<\/div>\n\t\t\t\t<\/div>\n\t\t\t\t\t<\/div>\n\t\t\t\t<\/div>\n\t\t<div class=\"elementor-element elementor-element-409f3687 e-flex e-con-boxed rael-particle-no e-con e-parent\" data-id=\"409f3687\" data-element_type=\"container\" data-e-type=\"container\" data-settings=\"{&quot;rae_animations_entrance&quot;:&quot;none&quot;,&quot;_ha_eqh_enable&quot;:false}\">\n\t\t\t\t\t<div class=\"e-con-inner\">\n\t\t\t\t<div class=\"elementor-element elementor-element-366de655 elementor-blockquote--skin-quotation elementor-widget elementor-widget-blockquote\" data-id=\"366de655\" data-element_type=\"widget\" data-e-type=\"widget\" data-widget_type=\"blockquote.default\">\n\t\t\t\t<div class=\"elementor-widget-container\">\n\t\t\t\t\t\t\t<blockquote class=\"elementor-blockquote\">\n\t\t\t<p class=\"elementor-blockquote__content\">\n\t\t\t\t\u00a1No hay ninguna escuela cercana que se compare con AIA! Nuestros dos hijos est\u00e1n aprendiendo lecciones invaluables en todo, desde lo acad\u00e9mico hasta la integridad y la responsabilidad social, \u00a1y lo que es m\u00e1s, est\u00e1n disfrutando cada segundo de ello! El m\u00e9todo Montessori se sigue de manera hermosa, lo que permite fomentar un intenso y independiente amor por el aprendizaje. No podr\u00edamos imaginar confiar a ninguna otra escuela la preparaci\u00f3n de nuestros hijos para su futuro. AIA es verdaderamente el hogar lejos del hogar de nuestros hijos, y con alegr\u00eda planeamos asistir desde los 18 meses hasta el quinto grado.\t\t\t<\/p>\n\t\t\t\t\t\t\t<div class=\"e-q-footer\">\n\t\t\t\t\t\t\t\t\t\t\t<cite class=\"elementor-blockquote__author\">Padre AIA<\/cite>\n\t\t\t\t\t\t\t\t\t\t\t\t\t\t<\/div>\n\t\t\t\t\t<\/blockquote>\n\t\t\t\t\t\t<\/div>\n\t\t\t\t<\/div>\n\t\t\t\t\t<\/div>\n\t\t\t\t<\/div>\n\t\t\t\t<\/div>","protected":false},"excerpt":{"rendered":"<p>At Alpharetta International Academy we strive for excellence and are committed to providing a quality Montessori Education for each child.Our goal is to nurture each child\u2019s innate desire to learn in a kind and supportive way.We embrace DIVERSITY, welcome new IDEAS, and encourage CREATIVITY. At Alpharetta International Academy we strive for excellence and are committed [&hellip;]<\/p>\n","protected":false},"author":9,"featured_media":0,"parent":0,"menu_order":0,"comment_status":"closed","ping_status":"closed","template":"","meta":{"footnotes":""},"class_list":["post-3297","page","type-page","status-publish","hentry"],"aioseo_notices":[],"_links":{"self":[{"href":"https:\/\/aiamontessori.com\/es\/wp-json\/wp\/v2\/pages\/3297","targetHints":{"allow":["GET"]}}],"collection":[{"href":"https:\/\/aiamontessori.com\/es\/wp-json\/wp\/v2\/pages"}],"about":[{"href":"https:\/\/aiamontessori.com\/es\/wp-json\/wp\/v2\/types\/page"}],"author":[{"embeddable":true,"href":"https:\/\/aiamontessori.com\/es\/wp-json\/wp\/v2\/users\/9"}],"replies":[{"embeddable":true,"href":"https:\/\/aiamontessori.com\/es\/wp-json\/wp\/v2\/comments?post=3297"}],"version-history":[{"count":46,"href":"https:\/\/aiamontessori.com\/es\/wp-json\/wp\/v2\/pages\/3297\/revisions"}],"predecessor-version":[{"id":3743,"href":"https:\/\/aiamontessori.com\/es\/wp-json\/wp\/v2\/pages\/3297\/revisions\/3743"}],"wp:attachment":[{"href":"https:\/\/aiamontessori.com\/es\/wp-json\/wp\/v2\/media?parent=3297"}],"curies":[{"name":"wp","href":"https:\/\/api.w.org\/{rel}","templated":true}]}}