{"id":3291,"date":"2023-09-29T20:35:09","date_gmt":"2023-09-30T00:35:09","guid":{"rendered":"https:\/\/aiamontessori.com\/donate\/"},"modified":"2023-10-02T11:32:41","modified_gmt":"2023-10-02T15:32:41","slug":"donate","status":"publish","type":"page","link":"https:\/\/aiamontessori.com\/es\/donate\/","title":{"rendered":"Donaciones"},"content":{"rendered":"<div data-elementor-type=\"wp-page\" data-elementor-id=\"3291\" class=\"elementor elementor-3291\" data-elementor-settings=\"{&quot;ha_cmc_init_switcher&quot;:&quot;no&quot;}\" data-elementor-post-type=\"page\">\n\t\t\t\t<div class=\"elementor-element elementor-element-449dca43 e-flex e-con-boxed rael-particle-no e-con e-parent\" data-id=\"449dca43\" data-element_type=\"container\" data-e-type=\"container\" data-settings=\"{&quot;rae_animations_entrance&quot;:&quot;none&quot;,&quot;_ha_eqh_enable&quot;:false}\">\n\t\t\t\t\t<div class=\"e-con-inner\">\n\t\t\t\t<div class=\"elementor-element elementor-element-55783135 elementor-widget elementor-widget-heading\" data-id=\"55783135\" data-element_type=\"widget\" data-e-type=\"widget\" data-widget_type=\"heading.default\">\n\t\t\t\t<div class=\"elementor-widget-container\">\n\t\t\t\t\t<h1 class=\"elementor-heading-title elementor-size-default\">Donaciones<\/h1>\t\t\t\t<\/div>\n\t\t\t\t<\/div>\n\t\t\t\t\t<\/div>\n\t\t\t\t<\/div>\n\t\t<div class=\"elementor-element elementor-element-6bcb2a6a e-flex e-con-boxed rael-particle-no e-con e-parent\" data-id=\"6bcb2a6a\" data-element_type=\"container\" data-e-type=\"container\" data-settings=\"{&quot;rae_animations_entrance&quot;:&quot;none&quot;,&quot;_ha_eqh_enable&quot;:false}\">\n\t\t\t\t\t<div class=\"e-con-inner\">\n\t\t<div class=\"elementor-element elementor-element-4868efbf e-flex e-con-boxed rael-particle-no e-con e-child\" data-id=\"4868efbf\" data-element_type=\"container\" data-e-type=\"container\" data-settings=\"{&quot;rae_animations_entrance&quot;:&quot;none&quot;,&quot;_ha_eqh_enable&quot;:false}\">\n\t\t\t\t\t<div class=\"e-con-inner\">\n\t\t\t\t<div class=\"elementor-element elementor-element-24325a8b elementor-widget elementor-widget-text-editor\" data-id=\"24325a8b\" data-element_type=\"widget\" data-e-type=\"widget\" data-widget_type=\"text-editor.default\">\n\t\t\t\t<div class=\"elementor-widget-container\">\n\t\t\t\t\t\t\t\t\t<p>Nuestro objetivo es recaudar fondos para expandir nuestras instalaciones. Te pedimos que nos ayudes a construir la pr\u00f3xima evoluci\u00f3n de AIA. Si contribuyes para hacer posibles nuestras nuevas aulas, estar\u00e1s influyendo en las historias que ser\u00e1n parte eterna del legado de Alpharetta International Academy.<\/p><p>Al igual que una casa no hace un hogar, una nueva aula no mejora el resultado educativo. Sin embargo, mirando hacia el futuro, las nuevas aulas proporcionar\u00e1n una mejora a nuestros entornos preparados Montessori.<\/p><p>Todas las donaciones son deducibles de impuestos.<\/p><p>Tax ID #58-176 5324<\/p>\t\t\t\t\t\t\t\t<\/div>\n\t\t\t\t<\/div>\n\t\t\t\t\t<\/div>\n\t\t\t\t<\/div>\n\t\t<div class=\"elementor-element elementor-element-34c66843 e-flex e-con-boxed rael-particle-no e-con e-child\" data-id=\"34c66843\" data-element_type=\"container\" data-e-type=\"container\" data-settings=\"{&quot;rae_animations_entrance&quot;:&quot;none&quot;,&quot;_ha_eqh_enable&quot;:false}\">\n\t\t\t\t\t<div class=\"e-con-inner\">\n\t\t\t\t<div class=\"elementor-element elementor-element-3c69d8b6 elementor-widget elementor-widget-video\" data-id=\"3c69d8b6\" data-element_type=\"widget\" data-e-type=\"widget\" data-settings=\"{&quot;video_type&quot;:&quot;vimeo&quot;}\" data-widget_type=\"video.default\">\n\t\t\t\t<div class=\"elementor-widget-container\">\n\t\t\t\t\t\t\t<div class=\"elementor-wrapper elementor-open-inline\">\n\t\t\t<iframe class=\"elementor-video-iframe\" allowfullscreen allow=\"clipboard-write\" title=\"Reproductor de v\u00eddeo vimeo\" src=\"https:\/\/player.vimeo.com\/video\/392781746?color&amp;autopause=0&amp;loop=0&amp;muted=0&amp;title=1&amp;portrait=1&amp;byline=1#t=\"><\/iframe>\t\t<\/div>\n\t\t\t\t\t\t<\/div>\n\t\t\t\t<\/div>\n\t\t\t\t\t<\/div>\n\t\t\t\t<\/div>\n\t\t\t\t\t<\/div>\n\t\t\t\t<\/div>\n\t\t\t\t<\/div>","protected":false},"excerpt":{"rendered":"<p>Donate Our goal is to collect funds in order to expand our facilities. We are asking you to help us build the next evolution of AIA. If you give to make our new classrooms possible, you are impacting the stories that will forever be a part of the legacy of Alpharetta International Academy. Just like [&hellip;]<\/p>\n","protected":false},"author":9,"featured_media":0,"parent":0,"menu_order":0,"comment_status":"closed","ping_status":"closed","template":"","meta":{"footnotes":""},"class_list":["post-3291","page","type-page","status-publish","hentry"],"aioseo_notices":[],"_links":{"self":[{"href":"https:\/\/aiamontessori.com\/es\/wp-json\/wp\/v2\/pages\/3291","targetHints":{"allow":["GET"]}}],"collection":[{"href":"https:\/\/aiamontessori.com\/es\/wp-json\/wp\/v2\/pages"}],"about":[{"href":"https:\/\/aiamontessori.com\/es\/wp-json\/wp\/v2\/types\/page"}],"author":[{"embeddable":true,"href":"https:\/\/aiamontessori.com\/es\/wp-json\/wp\/v2\/users\/9"}],"replies":[{"embeddable":true,"href":"https:\/\/aiamontessori.com\/es\/wp-json\/wp\/v2\/comments?post=3291"}],"version-history":[{"count":10,"href":"https:\/\/aiamontessori.com\/es\/wp-json\/wp\/v2\/pages\/3291\/revisions"}],"predecessor-version":[{"id":3681,"href":"https:\/\/aiamontessori.com\/es\/wp-json\/wp\/v2\/pages\/3291\/revisions\/3681"}],"wp:attachment":[{"href":"https:\/\/aiamontessori.com\/es\/wp-json\/wp\/v2\/media?parent=3291"}],"curies":[{"name":"wp","href":"https:\/\/api.w.org\/{rel}","templated":true}]}}