{"id":3283,"date":"2023-09-29T20:35:06","date_gmt":"2023-09-30T00:35:06","guid":{"rendered":"https:\/\/aiamontessori.com\/pre-primary\/"},"modified":"2023-10-10T21:08:11","modified_gmt":"2023-10-11T01:08:11","slug":"pre-primary","status":"publish","type":"page","link":"https:\/\/aiamontessori.com\/es\/pre-primary\/","title":{"rendered":"Pre-Primary"},"content":{"rendered":"<div data-elementor-type=\"wp-page\" data-elementor-id=\"3283\" class=\"elementor elementor-3283\" data-elementor-settings=\"{&quot;ha_cmc_init_switcher&quot;:&quot;no&quot;}\" data-elementor-post-type=\"page\">\n\t\t\t\t<div class=\"elementor-element elementor-element-6fa07778 e-flex e-con-boxed rael-particle-no e-con e-parent\" data-id=\"6fa07778\" data-element_type=\"container\" data-e-type=\"container\" data-settings=\"{&quot;rae_animations_entrance&quot;:&quot;none&quot;,&quot;_ha_eqh_enable&quot;:false}\">\n\t\t\t\t\t<div class=\"e-con-inner\">\n\t\t\t\t<div class=\"elementor-element elementor-element-5de327fd elementor-widget elementor-widget-heading\" data-id=\"5de327fd\" data-element_type=\"widget\" data-e-type=\"widget\" data-widget_type=\"heading.default\">\n\t\t\t\t<div class=\"elementor-widget-container\">\n\t\t\t\t\t<h1 class=\"elementor-heading-title elementor-size-default\">Pre-Primary<\/h1>\t\t\t\t<\/div>\n\t\t\t\t<\/div>\n\t\t\t\t\t<\/div>\n\t\t\t\t<\/div>\n\t\t<div class=\"elementor-element elementor-element-2f277532 e-flex e-con-boxed rael-particle-no e-con e-parent\" data-id=\"2f277532\" data-element_type=\"container\" data-e-type=\"container\" data-settings=\"{&quot;rae_animations_entrance&quot;:&quot;none&quot;,&quot;_ha_eqh_enable&quot;:false}\">\n\t\t\t\t\t<div class=\"e-con-inner\">\n\t\t<div class=\"elementor-element elementor-element-25dba9ba e-con-full e-flex rael-particle-no e-con e-child\" data-id=\"25dba9ba\" data-element_type=\"container\" data-e-type=\"container\" data-settings=\"{&quot;rae_animations_entrance&quot;:&quot;none&quot;,&quot;_ha_eqh_enable&quot;:false}\">\n\t\t\t\t<div class=\"elementor-element elementor-element-50e43aec elementor-widget elementor-widget-text-editor\" data-id=\"50e43aec\" data-element_type=\"widget\" data-e-type=\"widget\" data-widget_type=\"text-editor.default\">\n\t\t\t\t<div class=\"elementor-widget-container\">\n\t\t\t\t\t\t\t\t\t<p class=\"translation-block\">Nuestro programa de preescolar (Pre-Primary) se centra en el desarrollo de la independencia, el lenguaje, las habilidades motoras, y la interacci\u00f3n social. Nuestros alumnos trabajan usando materiales y lecciones Montessori, tienen 30 minutos por d\u00eda de trabajo y juego al aire libre y tiempo para comer una merienda nutritiva. Durante el d\u00eda los estudiantes son expuestos a la m\u00fasica, la lectura y literatura infantil mediante cuentos, rimas e historias multiculturales. En este nivel no se requiere que los ni\u00f1os vayan al ba\u00f1o por su cuenta. Nuestras maestras especializadas en educaci\u00f3n Montessori con el apoyo de los padres, gu\u00edan a cada estudiante en el proceso de aprender a ir al ba\u00f1o idependientemente.<\/p><p><strong>8:30 a.m. \u2013 11:30 a.m.\u00a0\u00a0(18 meses \u2013 3 a\u00f1os)<\/strong><\/p><ul><li>Nuestro programa de Pre-Primary es ofrecido 2, 3 y 5 d\u00edas a la semana ( la opci\u00f3n de 2 y 3 d\u00edas deben ser d\u00edas consecutivos.)<\/li><li>El programa de dos d\u00edas est\u00e1 disponible para ni\u00f1os de 18 meses a 3 a\u00f1os.<\/li><li>El programa de 3 y 5 d\u00edas est\u00e1 disponible para ni\u00f1os de 24 meses a 3 a\u00f1os.<\/li><\/ul>\t\t\t\t\t\t\t\t<\/div>\n\t\t\t\t<\/div>\n\t\t\t\t<\/div>\n\t\t<div class=\"elementor-element elementor-element-dcb110e e-con-full e-flex rael-particle-no e-con e-child\" data-id=\"dcb110e\" data-element_type=\"container\" data-e-type=\"container\" data-settings=\"{&quot;rae_animations_entrance&quot;:&quot;none&quot;,&quot;_ha_eqh_enable&quot;:false}\">\n\t\t\t\t<div class=\"elementor-element elementor-element-2687424d elementor-widget elementor-widget-image\" data-id=\"2687424d\" data-element_type=\"widget\" data-e-type=\"widget\" data-widget_type=\"image.default\">\n\t\t\t\t<div class=\"elementor-widget-container\">\n\t\t\t\t\t\t\t\t\t\t\t\t<figure class=\"wp-caption\">\n\t\t\t\t\t\t\t\t\t\t<img fetchpriority=\"high\" decoding=\"async\" width=\"800\" height=\"800\" src=\"https:\/\/aiamontessori.com\/wp-content\/uploads\/2023\/09\/Our-Program-Pre-Primary-1024px.jpg\" class=\"attachment-large size-large wp-image-3284\" alt=\"Alpharetta International Academe Pre-Primary children engaged in a creative art activity using sponges and paint on cardboard shapes.\" srcset=\"https:\/\/aiamontessori.com\/wp-content\/uploads\/2023\/09\/Our-Program-Pre-Primary-1024px.jpg 1024w, https:\/\/aiamontessori.com\/wp-content\/uploads\/2023\/09\/Our-Program-Pre-Primary-1024px-300x300.jpg 300w, https:\/\/aiamontessori.com\/wp-content\/uploads\/2023\/09\/Our-Program-Pre-Primary-1024px-80x80.jpg 80w, https:\/\/aiamontessori.com\/wp-content\/uploads\/2023\/09\/Our-Program-Pre-Primary-1024px-768x768.jpg 768w\" sizes=\"(max-width: 800px) 100vw, 800px\" \/>\t\t\t\t\t\t\t\t\t\t\t<figcaption class=\"widget-image-caption wp-caption-text\"><\/figcaption>\n\t\t\t\t\t\t\t\t\t\t<\/figure>\n\t\t\t\t\t\t\t\t\t<\/div>\n\t\t\t\t<\/div>\n\t\t\t\t<\/div>\n\t\t\t\t\t<\/div>\n\t\t\t\t<\/div>\n\t\t\t\t<\/div>","protected":false},"excerpt":{"rendered":"<p>Pre-Primary The\u00a0Pre-Primary\u00a0toddler program focuses on developing independence, language, motor skills, and social interaction. Our students work using Montessori materials and lessons. In addition to working with the Montessori lessons and materials, children go outside each day for 30 minutes to play and interact with nature. We offer music lessons, time for a nutritious snack, and [&hellip;]<\/p>\n","protected":false},"author":9,"featured_media":0,"parent":0,"menu_order":0,"comment_status":"closed","ping_status":"closed","template":"","meta":{"footnotes":""},"class_list":["post-3283","page","type-page","status-publish","hentry"],"aioseo_notices":[],"_links":{"self":[{"href":"https:\/\/aiamontessori.com\/es\/wp-json\/wp\/v2\/pages\/3283","targetHints":{"allow":["GET"]}}],"collection":[{"href":"https:\/\/aiamontessori.com\/es\/wp-json\/wp\/v2\/pages"}],"about":[{"href":"https:\/\/aiamontessori.com\/es\/wp-json\/wp\/v2\/types\/page"}],"author":[{"embeddable":true,"href":"https:\/\/aiamontessori.com\/es\/wp-json\/wp\/v2\/users\/9"}],"replies":[{"embeddable":true,"href":"https:\/\/aiamontessori.com\/es\/wp-json\/wp\/v2\/comments?post=3283"}],"version-history":[{"count":16,"href":"https:\/\/aiamontessori.com\/es\/wp-json\/wp\/v2\/pages\/3283\/revisions"}],"predecessor-version":[{"id":3847,"href":"https:\/\/aiamontessori.com\/es\/wp-json\/wp\/v2\/pages\/3283\/revisions\/3847"}],"wp:attachment":[{"href":"https:\/\/aiamontessori.com\/es\/wp-json\/wp\/v2\/media?parent=3283"}],"curies":[{"name":"wp","href":"https:\/\/api.w.org\/{rel}","templated":true}]}}