{"id":3279,"date":"2023-09-29T20:35:05","date_gmt":"2023-09-30T00:35:05","guid":{"rendered":"https:\/\/aiamontessori.com\/primary\/"},"modified":"2024-08-12T21:12:26","modified_gmt":"2024-08-13T01:12:26","slug":"primary","status":"publish","type":"page","link":"https:\/\/aiamontessori.com\/es\/primary\/","title":{"rendered":"Primary"},"content":{"rendered":"<div data-elementor-type=\"wp-page\" data-elementor-id=\"3279\" class=\"elementor elementor-3279\" data-elementor-settings=\"{&quot;ha_cmc_init_switcher&quot;:&quot;no&quot;}\" data-elementor-post-type=\"page\">\n\t\t\t\t<div class=\"elementor-element elementor-element-35972a1c e-flex e-con-boxed rael-particle-no e-con e-parent\" data-id=\"35972a1c\" data-element_type=\"container\" data-e-type=\"container\" data-settings=\"{&quot;rae_animations_entrance&quot;:&quot;none&quot;,&quot;_ha_eqh_enable&quot;:false}\">\n\t\t\t\t\t<div class=\"e-con-inner\">\n\t\t\t\t<div class=\"elementor-element elementor-element-2315dabd elementor-widget elementor-widget-heading\" data-id=\"2315dabd\" data-element_type=\"widget\" data-e-type=\"widget\" data-widget_type=\"heading.default\">\n\t\t\t\t<div class=\"elementor-widget-container\">\n\t\t\t\t\t<h1 class=\"elementor-heading-title elementor-size-default\">Primary<\/h1>\t\t\t\t<\/div>\n\t\t\t\t<\/div>\n\t\t\t\t\t<\/div>\n\t\t\t\t<\/div>\n\t\t<div class=\"elementor-element elementor-element-6a815086 e-flex e-con-boxed rael-particle-no e-con e-parent\" data-id=\"6a815086\" data-element_type=\"container\" data-e-type=\"container\" data-settings=\"{&quot;rae_animations_entrance&quot;:&quot;none&quot;,&quot;_ha_eqh_enable&quot;:false}\">\n\t\t\t\t\t<div class=\"e-con-inner\">\n\t\t<div class=\"elementor-element elementor-element-2a861563 e-con-full e-flex rael-particle-no e-con e-child\" data-id=\"2a861563\" data-element_type=\"container\" data-e-type=\"container\" data-settings=\"{&quot;rae_animations_entrance&quot;:&quot;none&quot;,&quot;_ha_eqh_enable&quot;:false}\">\n\t\t\t\t<div class=\"elementor-element elementor-element-4addfd92 elementor-widget elementor-widget-text-editor\" data-id=\"4addfd92\" data-element_type=\"widget\" data-e-type=\"widget\" data-widget_type=\"text-editor.default\">\n\t\t\t\t<div class=\"elementor-widget-container\">\n\t\t\t\t\t\t\t\t\t<section class=\"av_textblock_section\"><div class=\"avia_textblock\"><p><strong>3 \u2013 4* a\u00f1os<\/strong><\/p><ul><li>Lunes \u2013 Viernes\u00a0\u00a0 8:45 a.m. \u2013 11:45 a.m.<\/li><li>*Al cumplir los 4 a\u00f1os el estudiante tiene la opci\u00f3n a ser inscrito en nuestro programa de Lunes a Viernes de 8:45 a.m. a 2:45 p.m.<\/li><\/ul><p><strong>\u00a0<\/strong><\/p><p><strong>5 a\u00f1os y Kindergarten<\/strong><\/p><ul><li>Monday \u2013 Friday 8:30 a.m. \u2013 2:55 p.m.<\/li><\/ul><p>El programa Montessori Primary proporciona la oportunidad de enriquecer el desarrollo individual del estudiante dentro de su grupo de clases. Los alumnos aprenden a concentrarse en su trabajo individual y a moverse en el aula respetando el espacio f\u00edsico de los dem\u00e1s.<\/p><p>El aula Montessori es un entorno intencionalmente preparado con m\u00e1s de 300 lecciones individuales. Los estudiantes reciben instrucci\u00f3n individual y en grupos peque\u00f1os, satisfaciendo las necesidades de desarrollo de cada alumno, esto se hace con el prop\u00f3sito de que cada estudiante aprenda a su propio ritmo. El aula Montessori combinada con los materiales Montessori de paso secuencial ayudan a que los estudiantes desarrollen org\u00e1nicamente habilidades de funcionamiento ejecutivo.\u00a0<a href=\"https:\/\/www.hillcenter.org\/7-executive-functioning-skills-your-child-should-have\/\">executive functioning<\/a>\u00a0skills.<\/p><p class=\"translation-block\">Las habilidades relacionadas con el funcionamiento ejecutivo incluyen la planificaci\u00f3n, pensamiento adaptable, autocontrol, memoria de trabajo, administraci\u00f3n del tiempo y organizaci\u00f3n. Diversas investigaciones cient\u00edficas indican que el funcionamiento ejecutivo es fundamental para el proceso de adquirir y desarrollar virtudes f\u00edsicas, mentales, sociales y morales.<\/p><p>En esta etapa de la vida los estudiantes poseen una capacidad \u00fanica para absorber informaci\u00f3n y conceptos relacionados con su entorno. El programa Montessori Primary est\u00e1 dise\u00f1ado a satisfacer las necesidades de los estudiantes en esta fase crucial de la vida, como tambi\u00e9n expandir sus conocimientos y habilidades, pero lo m\u00e1s importante de este programa, es que valora, celebra y desarrolla las habilidades de cada estudiante haciendo que florezcan actitudes y sentimientos positivos por el aprendizaje, la autoestima, y el mundo que los rodea.<\/p><\/div><\/section><div class=\"av-special-heading av-special-heading-h3 avia-builder-el-6 el_after_av_textblock el_before_av_textblock\"><h3 class=\"av-special-heading-tag\">Practical Life<\/h3><div class=\"special-heading-border\"><div class=\"special-heading-inner-border\">\u00a0<\/div><\/div><\/div><section class=\"av_textblock_section\"><div class=\"avia_textblock\"><p>Las lecciones basadas en tareas de la vida cotidiana son un puente entre el hogar y el entorno escolar. Las lecciones pueden incluir vertir, pulir, preparar alimentos, doblar telas, poner la mesa y coser. Estas lecciones tienen un impacto directo en otros trabajos que se realizan en el aula de clases ya que satisfacen y ampl\u00edan la necesidad del orden y la independencia de los estudiantes. Con estas actividades los estudiantes ganan concentraci\u00f3n, refinamiento de movimientos motores, desarrollan la concentraci\u00f3n y la atenci\u00f3n por los detalles.<\/p><\/div><\/section><div class=\"av-special-heading av-special-heading-h3 avia-builder-el-8 el_after_av_textblock el_before_av_textblock\"><h3 class=\"av-special-heading-tag\">Sensorial<\/h3><div class=\"special-heading-border\"><div class=\"special-heading-inner-border\">\u00a0<\/div><\/div><\/div><section class=\"av_textblock_section\"><div class=\"avia_textblock\"><p>En el aula Montessori, los materiales sensoriales est\u00e1n dise\u00f1ados para agudizar los sentidos de los estudiantes ayud\u00e1ndolos a distinguir y categorizar nueva informaci\u00f3n y relacionarla con la que ya poseen. Cada uno de los materiales sensoriales define una cualidad particular, como el color, el peso, la forma, el tama\u00f1o, la textura, el sonido o el olor.<\/p><\/div><\/section><div class=\"av-special-heading av-special-heading-h3 avia-builder-el-10 el_after_av_textblock el_before_av_textblock\"><h3 class=\"av-special-heading-tag\">Desarrollo del lenguaje - Ingl\u00e9s<\/h3><div class=\"special-heading-border\"><div class=\"special-heading-inner-border\">\u00a0<\/div><\/div><\/div><section class=\"av_textblock_section\"><div class=\"avia_textblock\"><p>El lenguaje comienza con el desarrollo del vocabulario y la identificaci\u00f3n de los sonidos de las letras. Al trabajar con las letras de papel de lija y el alfabeto m\u00f3vil, los estudiantes aprenden a leer y escribir. Nuestros alumnos tambi\u00e9n aprenden a identificar su entorno con el uso de etiquetas, desarrollando una comunicaci\u00f3n m\u00e1s expresiva que conduce a una mejor comprensi\u00f3n de su mundo y se les presentan las oraciones, la puntuaci\u00f3n y la gram\u00e1tica inicial.<\/p><\/div><\/section><div class=\"av-special-heading av-special-heading-h3 avia-builder-el-12 el_after_av_textblock el_before_av_textblock\"><h3 class=\"av-special-heading-tag\">Matem\u00e1ticas<\/h3><div class=\"special-heading-border\"><div class=\"special-heading-inner-border\">\u00a0<\/div><\/div><\/div><section class=\"av_textblock_section\"><div class=\"avia_textblock\"><p>En general los alumnos se sienten atra\u00eddos naturalmente por la ciencia de los n\u00fameros. Las lecciones Montessori en matem\u00e1ticas ayudan a los estudiantes a aprender y comprender los conceptos matem\u00e1ticos manipulando materiales concretos. Varias actividades le permiten al estudiante internalizar conceptos de cantidad, secuencia, sistema decimal, valor posicional y explorar los procesos de suma y resta. Este trabajo les brinda a los estudiantes una comprensi\u00f3n s\u00f3lida de los principios matem\u00e1ticos b\u00e1sicos que los prepara para el razonamiento abstracto y la resoluci\u00f3n de problemas.<\/p><\/div><\/section><div class=\"av-special-heading av-special-heading-h3 avia-builder-el-14 el_after_av_textblock el_before_av_textblock\"><h3 class=\"av-special-heading-tag\">Espa\u00f1ol<\/h3><div class=\"special-heading-border\"><div class=\"special-heading-inner-border\">\u00a0<\/div><\/div><\/div><section class=\"av_textblock_section\"><div class=\"avia_textblock\">Kindergarten students have Spanish Class\u00a0every day. Primary 3 &amp; 4 yr. students have Spanish once a week.The objective of these classes is to teach vocabulary through songs and activities. Classes end with stories, tales, or rhymes in Spanish to introduce children to Latin American children\u2019s literature.<\/div><\/section>\t\t\t\t\t\t\t\t<\/div>\n\t\t\t\t<\/div>\n\t\t\t\t<\/div>\n\t\t<div class=\"elementor-element elementor-element-5d643d98 e-con-full e-flex rael-particle-no e-con e-child\" data-id=\"5d643d98\" data-element_type=\"container\" data-e-type=\"container\" data-settings=\"{&quot;rae_animations_entrance&quot;:&quot;none&quot;,&quot;_ha_eqh_enable&quot;:false}\">\n\t\t\t\t<div class=\"elementor-element elementor-element-406ffdc3 elementor-widget elementor-widget-image\" data-id=\"406ffdc3\" data-element_type=\"widget\" data-e-type=\"widget\" data-widget_type=\"image.default\">\n\t\t\t\t<div class=\"elementor-widget-container\">\n\t\t\t\t\t\t\t\t\t\t\t\t<figure class=\"wp-caption\">\n\t\t\t\t\t\t\t\t\t\t<img fetchpriority=\"high\" decoding=\"async\" width=\"800\" height=\"800\" src=\"https:\/\/aiamontessori.com\/wp-content\/uploads\/2023\/09\/Our-Program-Primary-1024px.jpg\" class=\"attachment-large size-large wp-image-3280\" alt=\"Alpharetta International Academy Primary child works with colorful math manipulatives on a table, using green, blue, and red pieces while writing on paper.\" srcset=\"https:\/\/aiamontessori.com\/wp-content\/uploads\/2023\/09\/Our-Program-Primary-1024px.jpg 1024w, https:\/\/aiamontessori.com\/wp-content\/uploads\/2023\/09\/Our-Program-Primary-1024px-300x300.jpg 300w, https:\/\/aiamontessori.com\/wp-content\/uploads\/2023\/09\/Our-Program-Primary-1024px-80x80.jpg 80w, https:\/\/aiamontessori.com\/wp-content\/uploads\/2023\/09\/Our-Program-Primary-1024px-768x768.jpg 768w\" sizes=\"(max-width: 800px) 100vw, 800px\" \/>\t\t\t\t\t\t\t\t\t\t\t<figcaption class=\"widget-image-caption wp-caption-text\"><\/figcaption>\n\t\t\t\t\t\t\t\t\t\t<\/figure>\n\t\t\t\t\t\t\t\t\t<\/div>\n\t\t\t\t<\/div>\n\t\t\t\t<\/div>\n\t\t\t\t\t<\/div>\n\t\t\t\t<\/div>\n\t\t\t\t<\/div>","protected":false},"excerpt":{"rendered":"<p>Primary 3 \u2013 4* years Monday \u2013 Friday\u00a0\u00a0 8:45 a.m. \u2013 11:45 a.m. *on your child\u2019s 4th birthday, you have the option of enrolling them in our Extended Day programs \u00a0 5 years &amp; Kindergarten Monday \u2013 Friday 8:30 a.m. \u2013 2:55 p.m. The Montessori Primary program is an opportunity to nurture your child\u2019s individual [&hellip;]<\/p>\n","protected":false},"author":9,"featured_media":0,"parent":0,"menu_order":0,"comment_status":"closed","ping_status":"closed","template":"","meta":{"footnotes":""},"class_list":["post-3279","page","type-page","status-publish","hentry"],"aioseo_notices":[],"_links":{"self":[{"href":"https:\/\/aiamontessori.com\/es\/wp-json\/wp\/v2\/pages\/3279","targetHints":{"allow":["GET"]}}],"collection":[{"href":"https:\/\/aiamontessori.com\/es\/wp-json\/wp\/v2\/pages"}],"about":[{"href":"https:\/\/aiamontessori.com\/es\/wp-json\/wp\/v2\/types\/page"}],"author":[{"embeddable":true,"href":"https:\/\/aiamontessori.com\/es\/wp-json\/wp\/v2\/users\/9"}],"replies":[{"embeddable":true,"href":"https:\/\/aiamontessori.com\/es\/wp-json\/wp\/v2\/comments?post=3279"}],"version-history":[{"count":31,"href":"https:\/\/aiamontessori.com\/es\/wp-json\/wp\/v2\/pages\/3279\/revisions"}],"predecessor-version":[{"id":4810,"href":"https:\/\/aiamontessori.com\/es\/wp-json\/wp\/v2\/pages\/3279\/revisions\/4810"}],"wp:attachment":[{"href":"https:\/\/aiamontessori.com\/es\/wp-json\/wp\/v2\/media?parent=3279"}],"curies":[{"name":"wp","href":"https:\/\/api.w.org\/{rel}","templated":true}]}}