{"id":3275,"date":"2023-09-29T20:35:04","date_gmt":"2023-09-30T00:35:04","guid":{"rendered":"https:\/\/aiamontessori.com\/elementary\/"},"modified":"2024-01-13T12:09:52","modified_gmt":"2024-01-13T16:09:52","slug":"elementary","status":"publish","type":"page","link":"https:\/\/aiamontessori.com\/es\/elementary\/","title":{"rendered":"Elementary"},"content":{"rendered":"<div data-elementor-type=\"wp-page\" data-elementor-id=\"3275\" class=\"elementor elementor-3275\" data-elementor-settings=\"{&quot;ha_cmc_init_switcher&quot;:&quot;no&quot;}\" data-elementor-post-type=\"page\">\n\t\t\t\t<div class=\"elementor-element elementor-element-79e5d082 e-flex e-con-boxed rael-particle-no e-con e-parent\" data-id=\"79e5d082\" data-element_type=\"container\" data-e-type=\"container\" data-settings=\"{&quot;rae_animations_entrance&quot;:&quot;none&quot;,&quot;_ha_eqh_enable&quot;:false}\">\n\t\t\t\t\t<div class=\"e-con-inner\">\n\t\t\t\t<div class=\"elementor-element elementor-element-5d174cd4 elementor-widget elementor-widget-heading\" data-id=\"5d174cd4\" data-element_type=\"widget\" data-e-type=\"widget\" data-widget_type=\"heading.default\">\n\t\t\t\t<div class=\"elementor-widget-container\">\n\t\t\t\t\t<h1 class=\"elementor-heading-title elementor-size-default\">Elementary<\/h1>\t\t\t\t<\/div>\n\t\t\t\t<\/div>\n\t\t\t\t\t<\/div>\n\t\t\t\t<\/div>\n\t\t<div class=\"elementor-element elementor-element-17c65c9a e-flex e-con-boxed rael-particle-no e-con e-parent\" data-id=\"17c65c9a\" data-element_type=\"container\" data-e-type=\"container\" data-settings=\"{&quot;rae_animations_entrance&quot;:&quot;none&quot;,&quot;_ha_eqh_enable&quot;:false}\">\n\t\t\t\t\t<div class=\"e-con-inner\">\n\t\t<div class=\"elementor-element elementor-element-30ae5693 e-con-full e-flex rael-particle-no e-con e-child\" data-id=\"30ae5693\" data-element_type=\"container\" data-e-type=\"container\" data-settings=\"{&quot;rae_animations_entrance&quot;:&quot;none&quot;,&quot;_ha_eqh_enable&quot;:false}\">\n\t\t\t\t<div class=\"elementor-element elementor-element-543143e7 elementor-widget elementor-widget-text-editor\" data-id=\"543143e7\" data-element_type=\"widget\" data-e-type=\"widget\" data-widget_type=\"text-editor.default\">\n\t\t\t\t<div class=\"elementor-widget-container\">\n\t\t\t\t\t\t\t\t\t<p><strong>Lunes \u2013 Viernes 8:20 a.m. \u2013 3:05 p.m.<\/strong><\/p><p>En el programa de Elementary, los estudiantes de Montessori aprenden a pensar por s\u00ed mismos. Se les estimula a investigar, analizar lo que han encontrado y sacar sus propias conclusiones. El papel del maestro Montessori es inspirar y apoyar a cada estudiante reforzando sus iniciativas de investigaci\u00f3n y presentando nueva informaci\u00f3n de manera atractiva. Montessori ense\u00f1a a los estudiantes a pensar en lugar de memorizar.<\/p><p class=\"translation-block\">El programa de Elementary incluye desarrollo del lenguaje, matem\u00e1ticas, ciencias, geograf\u00eda, estudios sociales y desarrollo del car\u00e1cter y temperamento. La Dra. Montessori reconoci\u00f3 que los estudiantes durante estos a\u00f1os de sus vidas desarrollan el sentido de la moral con un intenso inter\u00e9s en la convivencia de grupo. Por lo tanto, dise\u00f1\u00f3 salones de clases con alumnos de edades mixtas con el objetivo de brindarles oportunidades para practicar su amabilidad, paciencia, resoluci\u00f3n de problemas, y liderazgo mientras los alumnos desarrollan un fuerte sentido de la moral y la vida en comunidad. Nuestro programa tambi\u00e9n incluye Arte, M\u00fasica, Educaci\u00f3n F\u00edsica y Espa\u00f1ol.<\/p><p><b>Espa\u00f1ol<\/b><\/p><p>Students in grades 1st-6th have Spanish Class every day. Our <a href=\"https:\/\/thehomeschoolresourceroom.com\/2018\/04\/19\/kindergarten-spanish-lessons-a-gentle-introduction-to-foreign-language\/\">Spanish lessons<\/a>\u00a0focus on building vocabulary, learning Spanish grammar, building confidence in speaking Spanish with fluency, and learning about the different cultures and countries in\u00a0<a href=\"https:\/\/en.wikipedia.org\/wiki\/Latin_America\">Latin American<\/a>.<\/p><p>Los estudiantes de nuestro programa de Elementary no se sientan en un escritorio todo el d\u00eda. A menudo colaboran, ya sea ayud\u00e1ndose unos a otros a dominar la informaci\u00f3n o trabajando juntos en proyectos de grupo. La Dr. Montessori cre\u00eda que los estudiantes nacen curiosos, creativos e inteligentes. Al dise\u00f1ar el programa de Elementary, quiso alimentar la curiosidad de los alumnos e inspirar su sentido de la b\u00fasqueda, investigaci\u00f3n e innovaci\u00f3n.<\/p><p>\u00bfPor qu\u00e9 escoger a Alpharetta International Academy como escuela?<\/p><ul><li>Clases peque\u00f1as<\/li><li>Instrucci\u00f3n individualizada<\/li><li>Los estudiantes dominan el material antes de pasar a la siguiente lecci\u00f3n.<\/li><li>\u2022\tLos estudiantes pasan sus d\u00edas aprendiendo y no prepar\u00e1ndose para las pruebas estandarizadas<\/li><li>Los salones de edades mixtas brindan oportunidades de liderazgo, resoluci\u00f3n de problemas, y desarrollo del sentido de la moral<\/li><li>Nuestro m\u00e9todo de respeto por el desarrollo individual del alumno permite a los estudiantes trabajar en su nivel acad\u00e9mico, solidificar sus conocimientos y avanzar sin ser estresado.<\/li><\/ul>\t\t\t\t\t\t\t\t<\/div>\n\t\t\t\t<\/div>\n\t\t\t\t<\/div>\n\t\t<div class=\"elementor-element elementor-element-3e57e844 e-con-full e-flex rael-particle-no e-con e-child\" data-id=\"3e57e844\" data-element_type=\"container\" data-e-type=\"container\" data-settings=\"{&quot;rae_animations_entrance&quot;:&quot;none&quot;,&quot;_ha_eqh_enable&quot;:false}\">\n\t\t\t\t<div class=\"elementor-element elementor-element-4caf6d28 elementor-widget elementor-widget-image\" data-id=\"4caf6d28\" data-element_type=\"widget\" data-e-type=\"widget\" data-widget_type=\"image.default\">\n\t\t\t\t<div class=\"elementor-widget-container\">\n\t\t\t\t\t\t\t\t\t\t\t\t<figure class=\"wp-caption\">\n\t\t\t\t\t\t\t\t\t\t<img fetchpriority=\"high\" decoding=\"async\" width=\"800\" height=\"800\" src=\"https:\/\/aiamontessori.com\/wp-content\/uploads\/2023\/09\/Our-Program-Elementary-1024px.jpg\" class=\"attachment-large size-large wp-image-3276\" alt=\"Two Alpharetta International Academy Elementary children are engaged in a creative activity at a table, surrounded by art supplies and educational materials.\" srcset=\"https:\/\/aiamontessori.com\/wp-content\/uploads\/2023\/09\/Our-Program-Elementary-1024px.jpg 1024w, https:\/\/aiamontessori.com\/wp-content\/uploads\/2023\/09\/Our-Program-Elementary-1024px-300x300.jpg 300w, https:\/\/aiamontessori.com\/wp-content\/uploads\/2023\/09\/Our-Program-Elementary-1024px-80x80.jpg 80w, https:\/\/aiamontessori.com\/wp-content\/uploads\/2023\/09\/Our-Program-Elementary-1024px-768x768.jpg 768w\" sizes=\"(max-width: 800px) 100vw, 800px\" \/>\t\t\t\t\t\t\t\t\t\t\t<figcaption class=\"widget-image-caption wp-caption-text\"><\/figcaption>\n\t\t\t\t\t\t\t\t\t\t<\/figure>\n\t\t\t\t\t\t\t\t\t<\/div>\n\t\t\t\t<\/div>\n\t\t\t\t<\/div>\n\t\t\t\t\t<\/div>\n\t\t\t\t<\/div>\n\t\t\t\t<\/div>","protected":false},"excerpt":{"rendered":"<p>Elementary Monday \u2013 Friday\u00a0 8:20 a.m. \u2013 3:05 p.m. At the elementary level, Montessori students learn to think for themselves. They are encouraged to do their own research, analyze what they have found, and draw their own conclusions. The Montessori teacher\u2019s role is to inspire and support each student by reinforcing their research initiatives and [&hellip;]<\/p>\n","protected":false},"author":9,"featured_media":0,"parent":0,"menu_order":0,"comment_status":"closed","ping_status":"closed","template":"","meta":{"footnotes":""},"class_list":["post-3275","page","type-page","status-publish","hentry"],"aioseo_notices":[],"_links":{"self":[{"href":"https:\/\/aiamontessori.com\/es\/wp-json\/wp\/v2\/pages\/3275","targetHints":{"allow":["GET"]}}],"collection":[{"href":"https:\/\/aiamontessori.com\/es\/wp-json\/wp\/v2\/pages"}],"about":[{"href":"https:\/\/aiamontessori.com\/es\/wp-json\/wp\/v2\/types\/page"}],"author":[{"embeddable":true,"href":"https:\/\/aiamontessori.com\/es\/wp-json\/wp\/v2\/users\/9"}],"replies":[{"embeddable":true,"href":"https:\/\/aiamontessori.com\/es\/wp-json\/wp\/v2\/comments?post=3275"}],"version-history":[{"count":22,"href":"https:\/\/aiamontessori.com\/es\/wp-json\/wp\/v2\/pages\/3275\/revisions"}],"predecessor-version":[{"id":3923,"href":"https:\/\/aiamontessori.com\/es\/wp-json\/wp\/v2\/pages\/3275\/revisions\/3923"}],"wp:attachment":[{"href":"https:\/\/aiamontessori.com\/es\/wp-json\/wp\/v2\/media?parent=3275"}],"curies":[{"name":"wp","href":"https:\/\/api.w.org\/{rel}","templated":true}]}}