{"id":3260,"date":"2023-09-29T20:35:00","date_gmt":"2023-09-30T00:35:00","guid":{"rendered":"https:\/\/aiamontessori.com\/meet-our-founder\/"},"modified":"2023-10-02T11:25:02","modified_gmt":"2023-10-02T15:25:02","slug":"meet-our-founder","status":"publish","type":"page","link":"https:\/\/aiamontessori.com\/es\/meet-our-founder\/","title":{"rendered":"Conoce a Nuestra Fundadora"},"content":{"rendered":"<div data-elementor-type=\"wp-page\" data-elementor-id=\"3260\" class=\"elementor elementor-3260\" data-elementor-settings=\"{&quot;ha_cmc_init_switcher&quot;:&quot;no&quot;}\" data-elementor-post-type=\"page\">\n\t\t\t\t<div class=\"elementor-element elementor-element-3fe161ef e-flex e-con-boxed rael-particle-no e-con e-parent\" data-id=\"3fe161ef\" data-element_type=\"container\" data-e-type=\"container\" data-settings=\"{&quot;rae_animations_entrance&quot;:&quot;none&quot;,&quot;_ha_eqh_enable&quot;:false}\">\n\t\t\t\t\t<div class=\"e-con-inner\">\n\t\t\t\t<div class=\"elementor-element elementor-element-4ef92d6b elementor-widget elementor-widget-heading\" data-id=\"4ef92d6b\" data-element_type=\"widget\" data-e-type=\"widget\" data-widget_type=\"heading.default\">\n\t\t\t\t<div class=\"elementor-widget-container\">\n\t\t\t\t\t<h1 class=\"elementor-heading-title elementor-size-default\">Conoce a Nuestra Fundadora<\/h1>\t\t\t\t<\/div>\n\t\t\t\t<\/div>\n\t\t\t\t\t<\/div>\n\t\t\t\t<\/div>\n\t\t<div class=\"elementor-element elementor-element-109b6d5 e-flex e-con-boxed rael-particle-no e-con e-parent\" data-id=\"109b6d5\" data-element_type=\"container\" data-e-type=\"container\" data-settings=\"{&quot;rae_animations_entrance&quot;:&quot;none&quot;,&quot;_ha_eqh_enable&quot;:false}\">\n\t\t\t\t\t<div class=\"e-con-inner\">\n\t\t<div class=\"elementor-element elementor-element-6472ab7c e-con-full e-flex rael-particle-no e-con e-child\" data-id=\"6472ab7c\" data-element_type=\"container\" data-e-type=\"container\" data-settings=\"{&quot;rae_animations_entrance&quot;:&quot;none&quot;,&quot;_ha_eqh_enable&quot;:false}\">\n\t\t\t\t<div class=\"elementor-element elementor-element-2078b1b6 elementor-widget elementor-widget-text-editor\" data-id=\"2078b1b6\" data-element_type=\"widget\" data-e-type=\"widget\" data-widget_type=\"text-editor.default\">\n\t\t\t\t<div class=\"elementor-widget-container\">\n\t\t\t\t\t\t\t\t\t<p>Dixie Oliver, fundadora de Alpharetta International Academy, descubri\u00f3 la educaci\u00f3n Montessori por primera vez en 1979 mientras observaba una sala de clases Montessori de un amigo.<\/p><p>A medida que Dixie descubr\u00eda una teor\u00eda educativa que inclu\u00eda lecciones pr\u00e1cticas, entrelazando lenguaje, matem\u00e1ticas, geograf\u00eda, etc., dentro de una cultura de elecci\u00f3n de trabajo individual, atenci\u00f3n al detalle y un esp\u00edritu de investigaci\u00f3n, comenz\u00f3 a imaginar una escuela donde los maestros y el personal pudieran comprometerse con un alto est\u00e1ndar de excelencia educativa mientras los ni\u00f1os, el personal y los padres pudieran ser tratados con amabilidad y respeto.\u00a0<a href=\"https:\/\/montessori-ami.org\/\">AMI<\/a>\u00a0(Association Montessori Internationale) training program and began to rethink much of what she had practiced in prior years of education.<\/p><p>As Dixie discovered an educational theory that included hands-on lessons, intertwining language, math, geography, etc., within a culture of individual work choices, attention to detail, and a spirit of investigation, she began to envision a school where teachers and staff could be committed to a high standard of educational excellence while children, staff and parents could be treated with kindness and respect.<\/p><p>Despu\u00e9s de haber pasado 9 a\u00f1os en Vietnam durante la guerra, crear una escuela donde prevaleciera la amabilidad era un objetivo cr\u00edtico para Dixie.<\/p><p class=\"translation-block\">En 1981, Dixie comenz\u00f3 con solo unos pocos estudiantes. Ahora, m\u00e1s de treinta y cinco a\u00f1os despu\u00e9s, Alpharetta International Academy incluye dos campus que suman m\u00e1s de seis acres cerca de la entrada del Parque Webb Bridge. Ofrecemos clases para ni\u00f1os de 18 meses a sexto grado, y aunque no ejercemos presi\u00f3n sobre un ni\u00f1o para lograr el \u00e9xito acad\u00e9mico, nuestros ni\u00f1os demuestran excelencia en lo acad\u00e9mico, la responsabilidad social y la compasi\u00f3n por los dem\u00e1s durante su tiempo en Alpharetta International Academy y tambi\u00e9n despu\u00e9s de graduarse. La amabilidad afecta a todos y cosecha sus propias recompensas.<\/p>\t\t\t\t\t\t\t\t<\/div>\n\t\t\t\t<\/div>\n\t\t\t\t<div class=\"elementor-element elementor-element-9793366 elementor-blockquote--skin-quotation elementor-widget elementor-widget-blockquote\" data-id=\"9793366\" data-element_type=\"widget\" data-e-type=\"widget\" data-widget_type=\"blockquote.default\">\n\t\t\t\t<div class=\"elementor-widget-container\">\n\t\t\t\t\t\t\t<blockquote class=\"elementor-blockquote\">\n\t\t\t<p class=\"elementor-blockquote__content\">\n\t\t\t\tMontessori puede sacar a relucir lo  maravilloso en los ni\u00f1os, pero esto no puede ocurrir sin un ambiente de amabilidad.\t\t\t<\/p>\n\t\t\t\t\t\t\t<div class=\"e-q-footer\">\n\t\t\t\t\t\t\t\t\t\t\t<cite class=\"elementor-blockquote__author\">Dixie Oliver<\/cite>\n\t\t\t\t\t\t\t\t\t\t\t\t\t\t<\/div>\n\t\t\t\t\t<\/blockquote>\n\t\t\t\t\t\t<\/div>\n\t\t\t\t<\/div>\n\t\t\t\t<\/div>\n\t\t<div class=\"elementor-element elementor-element-4a1f978b e-con-full e-flex rael-particle-no e-con e-child\" data-id=\"4a1f978b\" data-element_type=\"container\" data-e-type=\"container\" data-settings=\"{&quot;rae_animations_entrance&quot;:&quot;none&quot;,&quot;_ha_eqh_enable&quot;:false}\">\n\t\t\t\t<div class=\"elementor-element elementor-element-6309eb31 elementor-widget elementor-widget-image\" data-id=\"6309eb31\" data-element_type=\"widget\" data-e-type=\"widget\" data-widget_type=\"image.default\">\n\t\t\t\t<div class=\"elementor-widget-container\">\n\t\t\t\t\t\t\t\t\t\t\t\t\t\t\t<img fetchpriority=\"high\" decoding=\"async\" width=\"640\" height=\"640\" src=\"https:\/\/aiamontessori.com\/wp-content\/uploads\/2023\/09\/Dixie-Oliver-Founder.jpg\" class=\"attachment-large size-large wp-image-3261\" alt=\"Dixie Oliver - AIA Founder\" srcset=\"https:\/\/aiamontessori.com\/wp-content\/uploads\/2023\/09\/Dixie-Oliver-Founder.jpg 640w, https:\/\/aiamontessori.com\/wp-content\/uploads\/2023\/09\/Dixie-Oliver-Founder-300x300.jpg 300w, https:\/\/aiamontessori.com\/wp-content\/uploads\/2023\/09\/Dixie-Oliver-Founder-80x80.jpg 80w\" sizes=\"(max-width: 640px) 100vw, 640px\" \/>\t\t\t\t\t\t\t\t\t\t\t\t\t\t\t<\/div>\n\t\t\t\t<\/div>\n\t\t\t\t<\/div>\n\t\t\t\t\t<\/div>\n\t\t\t\t<\/div>\n\t\t\t\t<\/div>","protected":false},"excerpt":{"rendered":"<p>Meet Our Founder Dixie Oliver, founder of Alpharetta International Academy, first discovered Montessori education in 1979 while observing a friend\u2019s Montessori classroom. A trained educator herself, nothing had prepared Dixie for the delight she experienced watching the children in that classroom. Fascinated and challenged by a new type of teaching within a dramatically different classroom [&hellip;]<\/p>\n","protected":false},"author":9,"featured_media":0,"parent":0,"menu_order":0,"comment_status":"closed","ping_status":"closed","template":"","meta":{"footnotes":""},"class_list":["post-3260","page","type-page","status-publish","hentry"],"aioseo_notices":[],"_links":{"self":[{"href":"https:\/\/aiamontessori.com\/es\/wp-json\/wp\/v2\/pages\/3260","targetHints":{"allow":["GET"]}}],"collection":[{"href":"https:\/\/aiamontessori.com\/es\/wp-json\/wp\/v2\/pages"}],"about":[{"href":"https:\/\/aiamontessori.com\/es\/wp-json\/wp\/v2\/types\/page"}],"author":[{"embeddable":true,"href":"https:\/\/aiamontessori.com\/es\/wp-json\/wp\/v2\/users\/9"}],"replies":[{"embeddable":true,"href":"https:\/\/aiamontessori.com\/es\/wp-json\/wp\/v2\/comments?post=3260"}],"version-history":[{"count":13,"href":"https:\/\/aiamontessori.com\/es\/wp-json\/wp\/v2\/pages\/3260\/revisions"}],"predecessor-version":[{"id":3660,"href":"https:\/\/aiamontessori.com\/es\/wp-json\/wp\/v2\/pages\/3260\/revisions\/3660"}],"wp:attachment":[{"href":"https:\/\/aiamontessori.com\/es\/wp-json\/wp\/v2\/media?parent=3260"}],"curies":[{"name":"wp","href":"https:\/\/api.w.org\/{rel}","templated":true}]}}