{"id":3221,"date":"2023-09-29T20:34:37","date_gmt":"2023-09-30T00:34:37","guid":{"rendered":"https:\/\/aiamontessori.com\/meet-our-head-of-school\/"},"modified":"2024-06-07T10:00:41","modified_gmt":"2024-06-07T14:00:41","slug":"meet-our-head-of-school","status":"publish","type":"page","link":"https:\/\/aiamontessori.com\/es\/meet-our-head-of-school\/","title":{"rendered":"Conoce a Nuestra Directora"},"content":{"rendered":"<div data-elementor-type=\"wp-page\" data-elementor-id=\"3221\" class=\"elementor elementor-3221\" data-elementor-settings=\"{&quot;ha_cmc_init_switcher&quot;:&quot;no&quot;}\" data-elementor-post-type=\"page\">\n\t\t\t\t<div class=\"elementor-element elementor-element-55647f76 e-flex e-con-boxed rael-particle-no e-con e-parent\" data-id=\"55647f76\" data-element_type=\"container\" data-e-type=\"container\" data-settings=\"{&quot;rae_animations_entrance&quot;:&quot;none&quot;,&quot;_ha_eqh_enable&quot;:false}\">\n\t\t\t\t\t<div class=\"e-con-inner\">\n\t\t\t\t<div class=\"elementor-element elementor-element-50a1dc71 elementor-widget elementor-widget-heading\" data-id=\"50a1dc71\" data-element_type=\"widget\" data-e-type=\"widget\" data-widget_type=\"heading.default\">\n\t\t\t\t<div class=\"elementor-widget-container\">\n\t\t\t\t\t<h1 class=\"elementor-heading-title elementor-size-default\">Conoce a Nuestra Directora<\/h1>\t\t\t\t<\/div>\n\t\t\t\t<\/div>\n\t\t\t\t\t<\/div>\n\t\t\t\t<\/div>\n\t\t<div class=\"elementor-element elementor-element-bfbc44b e-flex e-con-boxed rael-particle-no e-con e-parent\" data-id=\"bfbc44b\" data-element_type=\"container\" data-e-type=\"container\" data-settings=\"{&quot;rae_animations_entrance&quot;:&quot;none&quot;,&quot;_ha_eqh_enable&quot;:false}\">\n\t\t\t\t\t<div class=\"e-con-inner\">\n\t\t<div class=\"elementor-element elementor-element-4b0c5b e-con-full e-flex rael-particle-no e-con e-child\" data-id=\"4b0c5b\" data-element_type=\"container\" data-e-type=\"container\" data-settings=\"{&quot;rae_animations_entrance&quot;:&quot;none&quot;,&quot;_ha_eqh_enable&quot;:false}\">\n\t\t\t\t<div class=\"elementor-element elementor-element-35e38925 elementor-widget elementor-widget-text-editor\" data-id=\"35e38925\" data-element_type=\"widget\" data-e-type=\"widget\" data-widget_type=\"text-editor.default\">\n\t\t\t\t<div class=\"elementor-widget-container\">\n\t\t\t\t\t\t\t\t\t<p>Isabel Eliaschev, Ed.D., is the Head of School at Alpharetta International Academy (AIA).<\/p><p>Dr. Eliaschev brings a wealth of in-classroom, academic, and administrative expertise to AIA. She is an experienced leader with extensive knowledge in early childhood education, bilingualism, and multiculturalism. Her career in education started 20 years ago as an assistant teacher at Gulliver Schools in Miami, Fla. Dr. Eliaschev advanced quickly to Director of the Montessori Toddler &amp; Primary program at Marin Horizon Schools in Marin County, Calif. More recently, she served as the Elementary Principal at Holy Innocents\u2019 Episcopal School in Atlanta, Ga., the nation\u2019s largest Episcopal school.<\/p><p>Dr. Eliaschev has three children: Nicole, Mila, and Alex. Nicole is a graduate student at Columbia University, Mila is a graduate student at San Diego State University, and Alex is a Middle School student at AIA.<\/p><p>Dr. Eliaschev holds a doctoral degree in educational leadership from San Francisco State University. She was awarded the David and Lucile Packard Foundation Fellowship for leadership in early childhood education.<\/p><p>La Dra. Eliaschev describe a Alpharetta International Academy como un lugar de aprendizaje creativo y activo centrado en las necesidades intelectuales y sociales de los ni\u00f1os.<\/p><p>\"En AIA, se alienta a todos los estudiantes a ser pensadores independientes y creativos\", dijo. \"Miramos a cada ni\u00f1o de manera individual y apoyamos su crecimiento como un 'ni\u00f1o completo' utilizando h\u00e1bitos inclusivos, din\u00e1micos y saludables que refuerzan las mejores pr\u00e1cticas en educaci\u00f3n\".<\/p><p>The environment is vital to the success of a Montessori classroom. Our carefully selected staff fosters a calm, nurturing atmosphere where children can thrive and develop a strong foundation and a love of learning. Additionally, our faculty stays current with the latest best practices in education and Montessori methods through ongoing professional development, which includes seminars, group discussions, school visits, and attendance at the American Montessori Society (AMS) Conference.<\/p><p>The community within AIA is highly diverse, representing multiple countries around the world. This diversity is celebrated through our festivals and heritage days. As the school\u2019s outstanding and unique academic reputation continues to grow and our representation in community events increases, AIA will become an even more integral part of the surrounding communities of Alpharetta, Johns Creek, Milton, and Cumming.<\/p><p>\u201cAs the Head of School of AIA, my goal is to provide a safe, inclusive, healthy, fun, and stimulating environment for our students, families, and faculty,\u201d Dr. Eliaschev said. \u201cIf you are currently part of the AIA family, we are glad you are here with us, and we will celebrate your child\u2019s accomplishments even after graduation. If you are not yet part of our AIA family and are in the process of finding the right school for your child, we encourage you to schedule a tour and see for yourself who we are and all that an AIA experience can offer your family.\u201d<\/p>\t\t\t\t\t\t\t\t<\/div>\n\t\t\t\t<\/div>\n\t\t\t\t<div class=\"elementor-element elementor-element-778abc09 elementor-blockquote--skin-quotation elementor-widget elementor-widget-blockquote\" data-id=\"778abc09\" data-element_type=\"widget\" data-e-type=\"widget\" data-widget_type=\"blockquote.default\">\n\t\t\t\t<div class=\"elementor-widget-container\">\n\t\t\t\t\t\t\t<blockquote class=\"elementor-blockquote\">\n\t\t\t<p class=\"elementor-blockquote__content\">\n\t\t\t\tEs cierto que no podemos crear un genio. Solo podemos dar a cada ni\u00f1o la oportunidad de cumplir sus posibilidades y potencial.\t\t\t<\/p>\n\t\t\t\t\t\t\t<div class=\"e-q-footer\">\n\t\t\t\t\t\t\t\t\t\t\t<cite class=\"elementor-blockquote__author\">Maria Montessori<\/cite>\n\t\t\t\t\t\t\t\t\t\t\t\t\t\t<\/div>\n\t\t\t\t\t<\/blockquote>\n\t\t\t\t\t\t<\/div>\n\t\t\t\t<\/div>\n\t\t\t\t<\/div>\n\t\t<div class=\"elementor-element elementor-element-50f934cd e-con-full e-flex rael-particle-no e-con e-child\" data-id=\"50f934cd\" data-element_type=\"container\" data-e-type=\"container\" data-settings=\"{&quot;rae_animations_entrance&quot;:&quot;none&quot;,&quot;_ha_eqh_enable&quot;:false}\">\n\t\t\t\t<div class=\"elementor-element elementor-element-3ceb92a1 elementor-widget elementor-widget-image\" data-id=\"3ceb92a1\" data-element_type=\"widget\" data-e-type=\"widget\" data-widget_type=\"image.default\">\n\t\t\t\t<div class=\"elementor-widget-container\">\n\t\t\t\t\t\t\t\t\t\t\t\t\t\t\t<img fetchpriority=\"high\" decoding=\"async\" width=\"800\" height=\"800\" src=\"https:\/\/aiamontessori.com\/wp-content\/uploads\/2024\/06\/Dr-Isabel-Eliaschev-2024.jpg\" class=\"attachment-large size-large wp-image-4294\" alt=\"Dr Isabel Eliaschev\" srcset=\"https:\/\/aiamontessori.com\/wp-content\/uploads\/2024\/06\/Dr-Isabel-Eliaschev-2024.jpg 800w, https:\/\/aiamontessori.com\/wp-content\/uploads\/2024\/06\/Dr-Isabel-Eliaschev-2024-300x300.jpg 300w, https:\/\/aiamontessori.com\/wp-content\/uploads\/2024\/06\/Dr-Isabel-Eliaschev-2024-80x80.jpg 80w, https:\/\/aiamontessori.com\/wp-content\/uploads\/2024\/06\/Dr-Isabel-Eliaschev-2024-768x768.jpg 768w, https:\/\/aiamontessori.com\/wp-content\/uploads\/2024\/06\/Dr-Isabel-Eliaschev-2024-12x12.jpg 12w\" sizes=\"(max-width: 800px) 100vw, 800px\" \/>\t\t\t\t\t\t\t\t\t\t\t\t\t\t\t<\/div>\n\t\t\t\t<\/div>\n\t\t\t\t<\/div>\n\t\t\t\t\t<\/div>\n\t\t\t\t<\/div>\n\t\t\t\t<\/div>","protected":false},"excerpt":{"rendered":"<p>Meet Our Head of School Isabel Eliaschev, Ed.D., is the Head of School at Alpharetta International Academy (AIA). Dr. Eliaschev brings a wealth of in-classroom, academic, and administrative expertise to AIA. She is an experienced leader with extensive knowledge in early childhood education, bilingualism, and multiculturalism. Her career in education started 20 years ago as [&hellip;]<\/p>\n","protected":false},"author":9,"featured_media":0,"parent":0,"menu_order":0,"comment_status":"closed","ping_status":"closed","template":"","meta":{"footnotes":""},"class_list":["post-3221","page","type-page","status-publish","hentry"],"aioseo_notices":[],"_links":{"self":[{"href":"https:\/\/aiamontessori.com\/es\/wp-json\/wp\/v2\/pages\/3221","targetHints":{"allow":["GET"]}}],"collection":[{"href":"https:\/\/aiamontessori.com\/es\/wp-json\/wp\/v2\/pages"}],"about":[{"href":"https:\/\/aiamontessori.com\/es\/wp-json\/wp\/v2\/types\/page"}],"author":[{"embeddable":true,"href":"https:\/\/aiamontessori.com\/es\/wp-json\/wp\/v2\/users\/9"}],"replies":[{"embeddable":true,"href":"https:\/\/aiamontessori.com\/es\/wp-json\/wp\/v2\/comments?post=3221"}],"version-history":[{"count":25,"href":"https:\/\/aiamontessori.com\/es\/wp-json\/wp\/v2\/pages\/3221\/revisions"}],"predecessor-version":[{"id":4297,"href":"https:\/\/aiamontessori.com\/es\/wp-json\/wp\/v2\/pages\/3221\/revisions\/4297"}],"wp:attachment":[{"href":"https:\/\/aiamontessori.com\/es\/wp-json\/wp\/v2\/media?parent=3221"}],"curies":[{"name":"wp","href":"https:\/\/api.w.org\/{rel}","templated":true}]}}